{"id":3144,"date":"2024-01-16T14:24:48","date_gmt":"2024-01-16T11:24:48","guid":{"rendered":"https:\/\/www.cicekal.net\/blog\/iletisim-3\/"},"modified":"2024-01-16T14:24:48","modified_gmt":"2024-01-16T11:24:48","slug":"iletisim-3","status":"publish","type":"page","link":"http:\/\/www.cicekal.net\/blog\/iletisim-3\/","title":{"rendered":"\u0130leti\u015fim"},"content":{"rendered":"<form id=\"sunsetContactForm\" class=\"sunset-contact-form\" action=\"#\" method=\"post\" data-url=\"http:\/\/www.cicekal.net\/blog\/wp-admin\/admin-ajax.php\">\r\n\r\n\t<div class=\"form-group\">\r\n\t\t<input type=\"text\" class=\"form-control sunset-form-control\" placeholder=\"\u0130sim\" id=\"name\" name=\"name\">\r\n\t\t<small class=\"text-danger form-control-msg\">\u0130sim girilmesi zorunludur!<\/small>\r\n\t<\/div>\r\n\r\n\t<div class=\"form-group\">\r\n\t\t<input type=\"email\" class=\"form-control sunset-form-control\" placeholder=\"E-posta\" id=\"email\" name=\"email\">\r\n\t\t<small class=\"text-danger form-control-msg\">E-posta adresi girilmesi zorunludur!<\/small>\r\n\t<\/div>\r\n\r\n\t<div class=\"form-group\">\r\n\t\t<textarea name=\"message\" id=\"message\" class=\"form-control sunset-form-control\" placeholder=\"Mesaj\u0131n\u0131z\"><\/textarea>\r\n\t\t<small class=\"text-danger form-control-msg\">Mesaj girilmesi zorunludur!<\/small>\r\n\t<\/div>\r\n\r\n\t<div class=\"text-center\">\r\n\t\t<button type=\"submit\" class=\"btn btn-block btn-lg submitbutton mx-auto col-xs-12 col-sm-4 col-md-3 col-lg-2\">G\u00f6nder<\/button>\r\n\t\t<small class=\"text-info form-control-msg js-form-submission\">G\u00f6nderiliyor, l\u00fctfen bekleyin...<\/small>\r\n\t\t<small class=\"text-success form-control-msg js-form-success\">Mesaj\u0131n\u0131z ba\u015far\u0131yla g\u00f6nderildi, te\u015fekk\u00fcrler!<\/small>\r\n\t\t<small class=\"text-danger form-control-msg js-form-error\">\u015eu anda bir hata meydana geldi, l\u00fctfen daha sonra tekrar deneyin!<\/small>\r\n\t<\/div>\r\n\r\n<\/form>\r\n\n","protected":false},"excerpt":{"rendered":"","protected":false},"author":0,"featured_media":0,"parent":0,"menu_order":0,"comment_status":"closed","ping_status":"closed","template":"","meta":{"footnotes":""},"class_list":["post-3144","page","type-page","status-publish"],"_links":{"self":[{"href":"http:\/\/www.cicekal.net\/blog\/wp-json\/wp\/v2\/pages\/3144","targetHints":{"allow":["GET"]}}],"collection":[{"href":"http:\/\/www.cicekal.net\/blog\/wp-json\/wp\/v2\/pages"}],"about":[{"href":"http:\/\/www.cicekal.net\/blog\/wp-json\/wp\/v2\/types\/page"}],"replies":[{"embeddable":true,"href":"http:\/\/www.cicekal.net\/blog\/wp-json\/wp\/v2\/comments?post=3144"}],"version-history":[{"count":0,"href":"http:\/\/www.cicekal.net\/blog\/wp-json\/wp\/v2\/pages\/3144\/revisions"}],"wp:attachment":[{"href":"http:\/\/www.cicekal.net\/blog\/wp-json\/wp\/v2\/media?parent=3144"}],"curies":[{"name":"wp","href":"https:\/\/api.w.org\/{rel}","templated":true}]}}